{"id":2,"date":"2026-02-25T09:51:50","date_gmt":"2026-02-25T09:51:50","guid":{"rendered":"https:\/\/abacaestilistas.rkinformatika.online\/?page_id=2"},"modified":"2026-03-04T17:17:52","modified_gmt":"2026-03-04T17:17:52","slug":"inicio","status":"publish","type":"page","link":"https:\/\/abacaestilistas.com\/en\/","title":{"rendered":"Home"},"content":{"rendered":"<div data-elementor-type=\"wp-page\" data-elementor-id=\"2\" class=\"elementor elementor-2\" data-elementor-post-type=\"page\">\n\t\t\t\t<div class=\"elementor-element elementor-element-2701e9e e-flex e-con-boxed e-con e-parent\" data-id=\"2701e9e\" data-element_type=\"container\" data-e-type=\"container\" data-settings=\"{&quot;background_background&quot;:&quot;classic&quot;}\">\n\t\t\t\t\t<div class=\"e-con-inner\">\n\t\t\t\t<div class=\"elementor-element elementor-element-c94454f elementor-widget elementor-widget-heading\" data-id=\"c94454f\" data-element_type=\"widget\" data-e-type=\"widget\" data-widget_type=\"heading.default\">\n\t\t\t\t\t<h2 class=\"elementor-heading-title elementor-size-default\">ABACA Stylists<\/h2>\t\t\t\t<\/div>\n\t\t\t\t<div class=\"elementor-element elementor-element-4ccbca4 elementor-widget elementor-widget-text-editor\" data-id=\"4ccbca4\" data-element_type=\"widget\" data-e-type=\"widget\" data-widget_type=\"text-editor.default\">\n\t\t\t\t\t\t\t\t\t<p>Style experts for 30 years<\/p>\t\t\t\t\t\t\t\t<\/div>\n\t\t\t\t\t<\/div>\n\t\t\t\t<\/div>\n\t\t<div class=\"elementor-element elementor-element-15b41f6 e-flex e-con-boxed e-con e-parent\" data-id=\"15b41f6\" data-element_type=\"container\" data-e-type=\"container\" data-settings=\"{&quot;background_background&quot;:&quot;classic&quot;}\">\n\t\t\t\t\t<div class=\"e-con-inner\">\n\t\t<div class=\"elementor-element elementor-element-7e2b02f e-con-full e-flex e-con e-child\" data-id=\"7e2b02f\" data-element_type=\"container\" data-e-type=\"container\">\n\t\t\t\t<div class=\"elementor-element elementor-element-c6ab52c elementor-widget elementor-widget-image\" data-id=\"c6ab52c\" data-element_type=\"widget\" data-e-type=\"widget\" data-widget_type=\"image.default\">\n\t\t\t\t\t\t\t\t\t\t\t\t\t\t\t<img fetchpriority=\"high\" decoding=\"async\" width=\"1599\" height=\"1200\" src=\"https:\/\/abacaestilistas.com\/wp-content\/uploads\/2026\/02\/1771490050052-Rosalia-Romero.jpg\" class=\"attachment-full size-full wp-image-86\" alt=\"\" srcset=\"https:\/\/abacaestilistas.com\/wp-content\/uploads\/2026\/02\/1771490050052-Rosalia-Romero.jpg 1599w, https:\/\/abacaestilistas.com\/wp-content\/uploads\/2026\/02\/1771490050052-Rosalia-Romero-300x225.jpg 300w, https:\/\/abacaestilistas.com\/wp-content\/uploads\/2026\/02\/1771490050052-Rosalia-Romero-1024x768.jpg 1024w, https:\/\/abacaestilistas.com\/wp-content\/uploads\/2026\/02\/1771490050052-Rosalia-Romero-768x576.jpg 768w, https:\/\/abacaestilistas.com\/wp-content\/uploads\/2026\/02\/1771490050052-Rosalia-Romero-1536x1153.jpg 1536w, https:\/\/abacaestilistas.com\/wp-content\/uploads\/2026\/02\/1771490050052-Rosalia-Romero-16x12.jpg 16w\" sizes=\"(max-width: 1599px) 100vw, 1599px\" \/>\t\t\t\t\t\t\t\t\t\t\t\t\t\t\t<\/div>\n\t\t\t\t<\/div>\n\t\t<div class=\"elementor-element elementor-element-2def233 e-con-full e-flex e-con e-child\" data-id=\"2def233\" data-element_type=\"container\" data-e-type=\"container\">\n\t\t\t\t<div class=\"elementor-element elementor-element-ecb876f elementor-widget-divider--view-line_icon elementor-view-default elementor-widget-divider--element-align-center elementor-widget elementor-widget-divider\" data-id=\"ecb876f\" data-element_type=\"widget\" data-e-type=\"widget\" data-widget_type=\"divider.default\">\n\t\t\t\t\t\t\t<div class=\"elementor-divider\">\n\t\t\t<span class=\"elementor-divider-separator\">\n\t\t\t\t\t\t\t<div class=\"elementor-icon elementor-divider__element\">\n\t\t\t\t\t<svg aria-hidden=\"true\" class=\"e-font-icon-svg e-fas-heart\" viewbox=\"0 0 512 512\" xmlns=\"http:\/\/www.w3.org\/2000\/svg\"><path d=\"M462.3 62.6C407.5 15.9 326 24.3 275.7 76.2L256 96.5l-19.7-20.3C186.1 24.3 104.5 15.9 49.7 62.6c-62.8 53.6-66.1 149.8-9.9 207.9l193.5 199.8c12.5 12.9 32.8 12.9 45.3 0l193.5-199.8c56.3-58.1 53-154.3-9.8-207.9z\"><\/path><\/svg><\/div>\n\t\t\t\t\t\t<\/span>\n\t\t<\/div>\n\t\t\t\t\t\t<\/div>\n\t\t\t\t<div class=\"elementor-element elementor-element-0734811 elementor-widget elementor-widget-heading\" data-id=\"0734811\" data-element_type=\"widget\" data-e-type=\"widget\" data-widget_type=\"heading.default\">\n\t\t\t\t\t<h2 class=\"elementor-heading-title elementor-size-default\">About us:\n<\/h2>\t\t\t\t<\/div>\n\t\t\t\t<div class=\"elementor-element elementor-element-557d486 elementor-widget elementor-widget-text-editor\" data-id=\"557d486\" data-element_type=\"widget\" data-e-type=\"widget\" data-widget_type=\"text-editor.default\">\n\t\t\t\t\t\t\t\t\t<p>Since 1996, in the heart of the neighborhood, our passion has been to enhance the beauty of every woman who walks through our door. For thirty years, we have served generations of clients, adapting to trends, but always maintaining the same commitment: to listen, advise, and care for each person, providing a professional and personalized experience that goes beyond just hair.<\/p>\t\t\t\t\t\t\t\t<\/div>\n\t\t\t\t<\/div>\n\t\t\t\t\t<\/div>\n\t\t\t\t<\/div>\n\t\t<div class=\"elementor-element elementor-element-0ef7f97 e-flex e-con-boxed e-con e-parent\" data-id=\"0ef7f97\" data-element_type=\"container\" data-e-type=\"container\" data-settings=\"{&quot;background_background&quot;:&quot;classic&quot;}\">\n\t\t\t\t\t<div class=\"e-con-inner\">\n\t\t<div class=\"elementor-element elementor-element-0f1fc3c e-con-full e-flex e-con e-child\" data-id=\"0f1fc3c\" data-element_type=\"container\" data-e-type=\"container\">\n\t\t\t\t<div class=\"elementor-element elementor-element-fab669c elementor-widget elementor-widget-image\" data-id=\"fab669c\" data-element_type=\"widget\" data-e-type=\"widget\" data-widget_type=\"image.default\">\n\t\t\t\t\t\t\t\t\t\t\t\t\t\t\t<img decoding=\"async\" width=\"1599\" height=\"1200\" src=\"https:\/\/abacaestilistas.com\/wp-content\/uploads\/2026\/02\/1771490050000-Rosalia-Romero.jpg\" class=\"attachment-full size-full wp-image-90\" alt=\"\" srcset=\"https:\/\/abacaestilistas.com\/wp-content\/uploads\/2026\/02\/1771490050000-Rosalia-Romero.jpg 1599w, https:\/\/abacaestilistas.com\/wp-content\/uploads\/2026\/02\/1771490050000-Rosalia-Romero-300x225.jpg 300w, https:\/\/abacaestilistas.com\/wp-content\/uploads\/2026\/02\/1771490050000-Rosalia-Romero-1024x768.jpg 1024w, https:\/\/abacaestilistas.com\/wp-content\/uploads\/2026\/02\/1771490050000-Rosalia-Romero-768x576.jpg 768w, https:\/\/abacaestilistas.com\/wp-content\/uploads\/2026\/02\/1771490050000-Rosalia-Romero-1536x1153.jpg 1536w, https:\/\/abacaestilistas.com\/wp-content\/uploads\/2026\/02\/1771490050000-Rosalia-Romero-16x12.jpg 16w\" sizes=\"(max-width: 1599px) 100vw, 1599px\" \/>\t\t\t\t\t\t\t\t\t\t\t\t\t\t\t<\/div>\n\t\t\t\t<\/div>\n\t\t<div class=\"elementor-element elementor-element-689b9d1 e-con-full e-flex e-con e-child\" data-id=\"689b9d1\" data-element_type=\"container\" data-e-type=\"container\">\n\t\t\t\t<div class=\"elementor-element elementor-element-0a236f4 elementor-widget-divider--view-line_icon elementor-view-default elementor-widget-divider--element-align-center elementor-widget elementor-widget-divider\" data-id=\"0a236f4\" data-element_type=\"widget\" data-e-type=\"widget\" data-widget_type=\"divider.default\">\n\t\t\t\t\t\t\t<div class=\"elementor-divider\">\n\t\t\t<span class=\"elementor-divider-separator\">\n\t\t\t\t\t\t\t<div class=\"elementor-icon elementor-divider__element\">\n\t\t\t\t\t<svg aria-hidden=\"true\" class=\"e-font-icon-svg e-fas-heart\" viewbox=\"0 0 512 512\" xmlns=\"http:\/\/www.w3.org\/2000\/svg\"><path d=\"M462.3 62.6C407.5 15.9 326 24.3 275.7 76.2L256 96.5l-19.7-20.3C186.1 24.3 104.5 15.9 49.7 62.6c-62.8 53.6-66.1 149.8-9.9 207.9l193.5 199.8c12.5 12.9 32.8 12.9 45.3 0l193.5-199.8c56.3-58.1 53-154.3-9.8-207.9z\"><\/path><\/svg><\/div>\n\t\t\t\t\t\t<\/span>\n\t\t<\/div>\n\t\t\t\t\t\t<\/div>\n\t\t\t\t<div class=\"elementor-element elementor-element-f328516 elementor-widget elementor-widget-heading\" data-id=\"f328516\" data-element_type=\"widget\" data-e-type=\"widget\" data-widget_type=\"heading.default\">\n\t\t\t\t\t<h2 class=\"elementor-heading-title elementor-size-default\">Commitment and style:\n<\/h2>\t\t\t\t<\/div>\n\t\t\t\t<div class=\"elementor-element elementor-element-a71dce8 elementor-widget elementor-widget-text-editor\" data-id=\"a71dce8\" data-element_type=\"widget\" data-e-type=\"widget\" data-widget_type=\"text-editor.default\">\n\t\t\t\t\t\t\t\t\t<p>We believe every style is unique, which is why we dedicate time to getting to know our clients and understanding which look best reflects their personality and life stages. We stay at the forefront of color, cuts, styles, and treatments, using quality brands that adapt to every need. But the most important thing we offer is not just hairdressing services: it's trust, professionalism, and the peace of mind that comes from feeling valued and well cared for, generation after generation.<\/p>\t\t\t\t\t\t\t\t<\/div>\n\t\t\t\t<\/div>\n\t\t\t\t\t<\/div>\n\t\t\t\t<\/div>\n\t\t<div class=\"elementor-element elementor-element-f8a16f8 e-flex e-con-boxed e-con e-parent\" data-id=\"f8a16f8\" data-element_type=\"container\" data-e-type=\"container\" data-settings=\"{&quot;background_background&quot;:&quot;classic&quot;}\">\n\t\t\t\t\t<div class=\"e-con-inner\">\n\t\t\t\t<div class=\"elementor-element elementor-element-9a8c278 elementor-widget elementor-widget-heading\" data-id=\"9a8c278\" data-element_type=\"widget\" data-e-type=\"widget\" data-widget_type=\"heading.default\">\n\t\t\t\t\t<h2 class=\"elementor-heading-title elementor-size-default\">We Transform Your Style<\/h2>\t\t\t\t<\/div>\n\t\t\t\t<div class=\"elementor-element elementor-element-0a16aac elementor-widget elementor-widget-text-editor\" data-id=\"0a16aac\" data-element_type=\"widget\" data-e-type=\"widget\" data-widget_type=\"text-editor.default\">\n\t\t\t\t\t\t\t\t\t<p>Discover everything we can do to highlight your style and take care of you<\/p>\t\t\t\t\t\t\t\t<\/div>\n\t\t\t\t<div class=\"elementor-element elementor-element-de130f2 elementor-align-center elementor-widget elementor-widget-button\" data-id=\"de130f2\" data-element_type=\"widget\" data-e-type=\"widget\" data-widget_type=\"button.default\">\n\t\t\t\t\t\t\t\t\t\t<a class=\"elementor-button elementor-button-link elementor-size-sm elementor-animation-grow\" href=\"\/en\/servicios\/\">\n\t\t\t\t\t\t<span class=\"elementor-button-content-wrapper\">\n\t\t\t\t\t\t<span class=\"elementor-button-icon\">\n\t\t\t\t<svg aria-hidden=\"true\" class=\"e-font-icon-svg e-far-hand-point-right\" viewbox=\"0 0 512 512\" xmlns=\"http:\/\/www.w3.org\/2000\/svg\"><path d=\"M428.8 137.6h-86.177a115.52 115.52 0 0 0 2.176-22.4c0-47.914-35.072-83.2-92-83.2-45.314 0-57.002 48.537-75.707 78.784-7.735 12.413-16.994 23.317-25.851 33.253l-.131.146-.129.148C135.662 161.807 127.764 168 120.8 168h-2.679c-5.747-4.952-13.536-8-22.12-8H32c-17.673 0-32 12.894-32 28.8v230.4C0 435.106 14.327 448 32 448h64c8.584 0 16.373-3.048 22.12-8h2.679c28.688 0 67.137 40 127.2 40h21.299c62.542 0 98.8-38.658 99.94-91.145 12.482-17.813 18.491-40.785 15.985-62.791A93.148 93.148 0 0 0 393.152 304H428.8c45.435 0 83.2-37.584 83.2-83.2 0-45.099-38.101-83.2-83.2-83.2zm0 118.4h-91.026c12.837 14.669 14.415 42.825-4.95 61.05 11.227 19.646 1.687 45.624-12.925 53.625 6.524 39.128-10.076 61.325-50.6 61.325H248c-45.491 0-77.21-35.913-120-39.676V215.571c25.239-2.964 42.966-21.222 59.075-39.596 11.275-12.65 21.725-25.3 30.799-39.875C232.355 112.712 244.006 80 252.8 80c23.375 0 44 8.8 44 35.2 0 35.2-26.4 53.075-26.4 70.4h158.4c18.425 0 35.2 16.5 35.2 35.2 0 18.975-16.225 35.2-35.2 35.2zM88 384c0 13.255-10.745 24-24 24s-24-10.745-24-24 10.745-24 24-24 24 10.745 24 24z\"><\/path><\/svg>\t\t\t<\/span>\n\t\t\t\t\t\t\t\t\t<span class=\"elementor-button-text\">Services<\/span>\n\t\t\t\t\t<\/span>\n\t\t\t\t\t<\/a>\n\t\t\t\t\t\t\t\t<\/div>\n\t\t\t\t\t<\/div>\n\t\t\t\t<\/div>\n\t\t\t\t<\/div>","protected":false},"excerpt":{"rendered":"<p>ABACA Estilistas Expertos en estilo desde hace 30 a\u00f1os Sobre nosotros: Desde 1996, en el coraz\u00f3n del barrio, nuestra pasi\u00f3n ha sido realzar la belleza de cada mujer que entra por nuestra puerta. Durante treinta a\u00f1os, hemos acompa\u00f1ado a generaciones de clientas, adapt\u00e1ndonos a las tendencias, pero manteniendo siempre el mismo compromiso: escuchar, asesorar y [&hellip;]<\/p>\n","protected":false},"author":1,"featured_media":0,"parent":0,"menu_order":0,"comment_status":"closed","ping_status":"closed","template":"elementor_canvas","meta":{"footnotes":""},"class_list":["post-2","page","type-page","status-publish","hentry"],"yoast_head":"<!-- This site is optimized with the Yoast SEO plugin v27.3 - https:\/\/yoast.com\/product\/yoast-seo-wordpress\/ -->\n<title>Inicio - Abaca Estil\u00edstas<\/title>\n<meta name=\"robots\" content=\"index, follow, max-snippet:-1, max-image-preview:large, max-video-preview:-1\" \/>\n<link rel=\"canonical\" href=\"https:\/\/abacaestilistas.com\/en\/\" \/>\n<meta property=\"og:locale\" content=\"en_US\" \/>\n<meta property=\"og:type\" content=\"article\" \/>\n<meta property=\"og:title\" content=\"Inicio - Abaca Estil\u00edstas\" \/>\n<meta property=\"og:description\" content=\"ABACA Estilistas Expertos en estilo desde hace 30 a\u00f1os Sobre nosotros: Desde 1996, en el coraz\u00f3n del barrio, nuestra pasi\u00f3n ha sido realzar la belleza de cada mujer que entra por nuestra puerta. Durante treinta a\u00f1os, hemos acompa\u00f1ado a generaciones de clientas, adapt\u00e1ndonos a las tendencias, pero manteniendo siempre el mismo compromiso: escuchar, asesorar y [&hellip;]\" \/>\n<meta property=\"og:url\" content=\"https:\/\/abacaestilistas.com\/en\/\" \/>\n<meta property=\"og:site_name\" content=\"Abaca Estil\u00edstas\" \/>\n<meta property=\"article:modified_time\" content=\"2026-03-04T17:17:52+00:00\" \/>\n<meta property=\"og:image\" content=\"https:\/\/abacaestilistas.com\/wp-content\/uploads\/2026\/02\/1771490050052-Rosalia-Romero.jpg\" \/>\n\t<meta property=\"og:image:width\" content=\"1599\" \/>\n\t<meta property=\"og:image:height\" content=\"1200\" \/>\n\t<meta property=\"og:image:type\" content=\"image\/jpeg\" \/>\n<meta name=\"twitter:card\" content=\"summary_large_image\" \/>\n<meta name=\"twitter:label1\" content=\"Est. reading time\" \/>\n\t<meta name=\"twitter:data1\" content=\"1 minute\" \/>\n<script type=\"application\/ld+json\" class=\"yoast-schema-graph\">{\"@context\":\"https:\\\/\\\/schema.org\",\"@graph\":[{\"@type\":\"WebPage\",\"@id\":\"https:\\\/\\\/abacaestilistas.com\\\/\",\"url\":\"https:\\\/\\\/abacaestilistas.com\\\/\",\"name\":\"Inicio - Abaca Estil\u00edstas\",\"isPartOf\":{\"@id\":\"https:\\\/\\\/abacaestilistas.com\\\/#website\"},\"primaryImageOfPage\":{\"@id\":\"https:\\\/\\\/abacaestilistas.com\\\/#primaryimage\"},\"image\":{\"@id\":\"https:\\\/\\\/abacaestilistas.com\\\/#primaryimage\"},\"thumbnailUrl\":\"https:\\\/\\\/abacaestilistas.com\\\/wp-content\\\/uploads\\\/2026\\\/02\\\/1771490050052-Rosalia-Romero.jpg\",\"datePublished\":\"2026-02-25T09:51:50+00:00\",\"dateModified\":\"2026-03-04T17:17:52+00:00\",\"breadcrumb\":{\"@id\":\"https:\\\/\\\/abacaestilistas.com\\\/#breadcrumb\"},\"inLanguage\":\"en-US\",\"potentialAction\":[{\"@type\":\"ReadAction\",\"target\":[\"https:\\\/\\\/abacaestilistas.com\\\/\"]}]},{\"@type\":\"ImageObject\",\"inLanguage\":\"en-US\",\"@id\":\"https:\\\/\\\/abacaestilistas.com\\\/#primaryimage\",\"url\":\"https:\\\/\\\/abacaestilistas.com\\\/wp-content\\\/uploads\\\/2026\\\/02\\\/1771490050052-Rosalia-Romero.jpg\",\"contentUrl\":\"https:\\\/\\\/abacaestilistas.com\\\/wp-content\\\/uploads\\\/2026\\\/02\\\/1771490050052-Rosalia-Romero.jpg\"},{\"@type\":\"BreadcrumbList\",\"@id\":\"https:\\\/\\\/abacaestilistas.com\\\/#breadcrumb\",\"itemListElement\":[{\"@type\":\"ListItem\",\"position\":1,\"name\":\"Portada\",\"item\":\"https:\\\/\\\/abacaestilistas.com\\\/\"},{\"@type\":\"ListItem\",\"position\":2,\"name\":\"Inicio\"}]},{\"@type\":\"WebSite\",\"@id\":\"https:\\\/\\\/abacaestilistas.com\\\/#website\",\"url\":\"https:\\\/\\\/abacaestilistas.com\\\/\",\"name\":\"Abaca Estil\u00edstas\",\"description\":\"Abaca Estil\u00edstas peluquer\u00eda en Madrid \\\/ +34 914 396 101\",\"publisher\":{\"@id\":\"https:\\\/\\\/abacaestilistas.com\\\/#organization\"},\"potentialAction\":[{\"@type\":\"SearchAction\",\"target\":{\"@type\":\"EntryPoint\",\"urlTemplate\":\"https:\\\/\\\/abacaestilistas.com\\\/?s={search_term_string}\"},\"query-input\":{\"@type\":\"PropertyValueSpecification\",\"valueRequired\":true,\"valueName\":\"search_term_string\"}}],\"inLanguage\":\"en-US\"},{\"@type\":\"Organization\",\"@id\":\"https:\\\/\\\/abacaestilistas.com\\\/#organization\",\"name\":\"Abaca Estil\u00edstas\",\"url\":\"https:\\\/\\\/abacaestilistas.com\\\/\",\"logo\":{\"@type\":\"ImageObject\",\"inLanguage\":\"en-US\",\"@id\":\"https:\\\/\\\/abacaestilistas.com\\\/#\\\/schema\\\/logo\\\/image\\\/\",\"url\":\"https:\\\/\\\/abacaestilistas.com\\\/wp-content\\\/uploads\\\/2026\\\/02\\\/abacaestilistas202602_logo_web.png\",\"contentUrl\":\"https:\\\/\\\/abacaestilistas.com\\\/wp-content\\\/uploads\\\/2026\\\/02\\\/abacaestilistas202602_logo_web.png\",\"width\":2250,\"height\":698,\"caption\":\"Abaca Estil\u00edstas\"},\"image\":{\"@id\":\"https:\\\/\\\/abacaestilistas.com\\\/#\\\/schema\\\/logo\\\/image\\\/\"}}]}<\/script>\n<!-- \/ Yoast SEO plugin. -->","yoast_head_json":{"title":"Inicio - Abaca Estil\u00edstas","robots":{"index":"index","follow":"follow","max-snippet":"max-snippet:-1","max-image-preview":"max-image-preview:large","max-video-preview":"max-video-preview:-1"},"canonical":"https:\/\/abacaestilistas.com\/en\/","og_locale":"en_US","og_type":"article","og_title":"Inicio - Abaca Estil\u00edstas","og_description":"ABACA Estilistas Expertos en estilo desde hace 30 a\u00f1os Sobre nosotros: Desde 1996, en el coraz\u00f3n del barrio, nuestra pasi\u00f3n ha sido realzar la belleza de cada mujer que entra por nuestra puerta. Durante treinta a\u00f1os, hemos acompa\u00f1ado a generaciones de clientas, adapt\u00e1ndonos a las tendencias, pero manteniendo siempre el mismo compromiso: escuchar, asesorar y [&hellip;]","og_url":"https:\/\/abacaestilistas.com\/en\/","og_site_name":"Abaca Estil\u00edstas","article_modified_time":"2026-03-04T17:17:52+00:00","og_image":[{"width":1599,"height":1200,"url":"https:\/\/abacaestilistas.com\/wp-content\/uploads\/2026\/02\/1771490050052-Rosalia-Romero.jpg","type":"image\/jpeg"}],"twitter_card":"summary_large_image","twitter_misc":{"Est. reading time":"1 minute"},"schema":{"@context":"https:\/\/schema.org","@graph":[{"@type":"WebPage","@id":"https:\/\/abacaestilistas.com\/","url":"https:\/\/abacaestilistas.com\/","name":"Inicio - Abaca Estil\u00edstas","isPartOf":{"@id":"https:\/\/abacaestilistas.com\/#website"},"primaryImageOfPage":{"@id":"https:\/\/abacaestilistas.com\/#primaryimage"},"image":{"@id":"https:\/\/abacaestilistas.com\/#primaryimage"},"thumbnailUrl":"https:\/\/abacaestilistas.com\/wp-content\/uploads\/2026\/02\/1771490050052-Rosalia-Romero.jpg","datePublished":"2026-02-25T09:51:50+00:00","dateModified":"2026-03-04T17:17:52+00:00","breadcrumb":{"@id":"https:\/\/abacaestilistas.com\/#breadcrumb"},"inLanguage":"en-US","potentialAction":[{"@type":"ReadAction","target":["https:\/\/abacaestilistas.com\/"]}]},{"@type":"ImageObject","inLanguage":"en-US","@id":"https:\/\/abacaestilistas.com\/#primaryimage","url":"https:\/\/abacaestilistas.com\/wp-content\/uploads\/2026\/02\/1771490050052-Rosalia-Romero.jpg","contentUrl":"https:\/\/abacaestilistas.com\/wp-content\/uploads\/2026\/02\/1771490050052-Rosalia-Romero.jpg"},{"@type":"BreadcrumbList","@id":"https:\/\/abacaestilistas.com\/#breadcrumb","itemListElement":[{"@type":"ListItem","position":1,"name":"Portada","item":"https:\/\/abacaestilistas.com\/"},{"@type":"ListItem","position":2,"name":"Inicio"}]},{"@type":"WebSite","@id":"https:\/\/abacaestilistas.com\/#website","url":"https:\/\/abacaestilistas.com\/","name":"Abaca Estil\u00edstas","description":"Abaca Estil\u00edstas peluquer\u00eda en Madrid \/ +34 914 396 101","publisher":{"@id":"https:\/\/abacaestilistas.com\/#organization"},"potentialAction":[{"@type":"SearchAction","target":{"@type":"EntryPoint","urlTemplate":"https:\/\/abacaestilistas.com\/?s={search_term_string}"},"query-input":{"@type":"PropertyValueSpecification","valueRequired":true,"valueName":"search_term_string"}}],"inLanguage":"en-US"},{"@type":"Organization","@id":"https:\/\/abacaestilistas.com\/#organization","name":"Abaca Estil\u00edstas","url":"https:\/\/abacaestilistas.com\/","logo":{"@type":"ImageObject","inLanguage":"en-US","@id":"https:\/\/abacaestilistas.com\/#\/schema\/logo\/image\/","url":"https:\/\/abacaestilistas.com\/wp-content\/uploads\/2026\/02\/abacaestilistas202602_logo_web.png","contentUrl":"https:\/\/abacaestilistas.com\/wp-content\/uploads\/2026\/02\/abacaestilistas202602_logo_web.png","width":2250,"height":698,"caption":"Abaca Estil\u00edstas"},"image":{"@id":"https:\/\/abacaestilistas.com\/#\/schema\/logo\/image\/"}}]}},"_links":{"self":[{"href":"https:\/\/abacaestilistas.com\/en\/wp-json\/wp\/v2\/pages\/2","targetHints":{"allow":["GET"]}}],"collection":[{"href":"https:\/\/abacaestilistas.com\/en\/wp-json\/wp\/v2\/pages"}],"about":[{"href":"https:\/\/abacaestilistas.com\/en\/wp-json\/wp\/v2\/types\/page"}],"author":[{"embeddable":true,"href":"https:\/\/abacaestilistas.com\/en\/wp-json\/wp\/v2\/users\/1"}],"replies":[{"embeddable":true,"href":"https:\/\/abacaestilistas.com\/en\/wp-json\/wp\/v2\/comments?post=2"}],"version-history":[{"count":19,"href":"https:\/\/abacaestilistas.com\/en\/wp-json\/wp\/v2\/pages\/2\/revisions"}],"predecessor-version":[{"id":240,"href":"https:\/\/abacaestilistas.com\/en\/wp-json\/wp\/v2\/pages\/2\/revisions\/240"}],"wp:attachment":[{"href":"https:\/\/abacaestilistas.com\/en\/wp-json\/wp\/v2\/media?parent=2"}],"curies":[{"name":"wp","href":"https:\/\/api.w.org\/{rel}","templated":true}]}}